{"id":8898,"date":"2021-01-22T09:59:22","date_gmt":"2021-01-22T09:59:22","guid":{"rendered":"https:\/\/kerrock.si\/staging\/upotreba\/kuhinje\/"},"modified":"2024-05-27T08:39:59","modified_gmt":"2024-05-27T06:39:59","slug":"kuhinje","status":"publish","type":"page","link":"https:\/\/rs.kerrock.si\/staging\/upotreba\/kuhinje\/","title":{"rendered":"Kuhinja"},"content":{"rendered":"","protected":false},"excerpt":{"rendered":"","protected":false},"author":5,"featured_media":8924,"parent":8764,"menu_order":1,"comment_status":"closed","ping_status":"closed","template":"","meta":{"_acf_changed":false,"inline_featured_image":false,"footnotes":""},"class_list":["post-8898","page","type-page","status-publish","has-post-thumbnail","hentry"],"acf":[],"yoast_head":"<!-- This site is optimized with the Yoast SEO plugin v26.9 - https:\/\/yoast.com\/product\/yoast-seo-wordpress\/ -->\n<title>Kuhinja | Staging Kerock<\/title>\n<meta name=\"description\" content=\"Zdravju prijazen in mehansko odporen, z veliko mero estetike. Povr\u0161ina, koja omejuje mehani\u010dke o\u0161tec\u0301enja i dugo odr\u017eava izgled novog. Kuhinja kerrock.\" \/>\n<meta name=\"robots\" content=\"noindex, follow, max-snippet:-1, max-image-preview:large, max-video-preview:-1\" \/>\n<meta property=\"og:locale\" content=\"sr_RS\" \/>\n<meta property=\"og:type\" content=\"article\" \/>\n<meta property=\"og:title\" content=\"Kuhinja | Staging Kerock\" \/>\n<meta property=\"og:description\" content=\"Zdravju prijazen in mehansko odporen, z veliko mero estetike. Povr\u0161ina, koja omejuje mehani\u010dke o\u0161tec\u0301enja i dugo odr\u017eava izgled novog. Kuhinja kerrock.\" \/>\n<meta property=\"og:url\" content=\"https:\/\/rs.kerrock.si\/staging\/upotreba\/kuhinje\/\" \/>\n<meta property=\"og:site_name\" content=\"Staging Kerock\" \/>\n<meta property=\"article:modified_time\" content=\"2024-05-27T06:39:59+00:00\" \/>\n<meta property=\"og:image\" content=\"https:\/\/kerrock.si\/staging\/wp-content\/uploads\/2020\/12\/kuhinje_header1.jpg\" \/>\n\t<meta property=\"og:image:width\" content=\"1920\" \/>\n\t<meta property=\"og:image:height\" content=\"600\" \/>\n\t<meta property=\"og:image:type\" content=\"image\/jpeg\" \/>\n<meta name=\"twitter:card\" content=\"summary_large_image\" \/>\n<script type=\"application\/ld+json\" class=\"yoast-schema-graph\">{\"@context\":\"https:\/\/schema.org\",\"@graph\":[{\"@type\":\"WebPage\",\"@id\":\"https:\/\/rs.kerrock.si\/staging\/upotreba\/kuhinje\/\",\"url\":\"https:\/\/rs.kerrock.si\/staging\/upotreba\/kuhinje\/\",\"name\":\"Kuhinja | Staging Kerock\",\"isPartOf\":{\"@id\":\"https:\/\/rs.kerrock.si\/#website\"},\"primaryImageOfPage\":{\"@id\":\"https:\/\/rs.kerrock.si\/staging\/upotreba\/kuhinje\/#primaryimage\"},\"image\":{\"@id\":\"https:\/\/rs.kerrock.si\/staging\/upotreba\/kuhinje\/#primaryimage\"},\"thumbnailUrl\":\"https:\/\/rs.kerrock.si\/staging\/wp-content\/uploads\/2020\/12\/kuhinje_header1.jpg\",\"datePublished\":\"2021-01-22T09:59:22+00:00\",\"dateModified\":\"2024-05-27T06:39:59+00:00\",\"description\":\"Zdravju prijazen in mehansko odporen, z veliko mero estetike. Povr\u0161ina, koja omejuje mehani\u010dke o\u0161tec\u0301enja i dugo odr\u017eava izgled novog. Kuhinja kerrock.\",\"breadcrumb\":{\"@id\":\"https:\/\/rs.kerrock.si\/staging\/upotreba\/kuhinje\/#breadcrumb\"},\"inLanguage\":\"sr-RS\",\"potentialAction\":[{\"@type\":\"ReadAction\",\"target\":[\"https:\/\/rs.kerrock.si\/staging\/upotreba\/kuhinje\/\"]}]},{\"@type\":\"ImageObject\",\"inLanguage\":\"sr-RS\",\"@id\":\"https:\/\/rs.kerrock.si\/staging\/upotreba\/kuhinje\/#primaryimage\",\"url\":\"https:\/\/rs.kerrock.si\/staging\/wp-content\/uploads\/2020\/12\/kuhinje_header1.jpg\",\"contentUrl\":\"https:\/\/rs.kerrock.si\/staging\/wp-content\/uploads\/2020\/12\/kuhinje_header1.jpg\",\"width\":1920,\"height\":600},{\"@type\":\"BreadcrumbList\",\"@id\":\"https:\/\/rs.kerrock.si\/staging\/upotreba\/kuhinje\/#breadcrumb\",\"itemListElement\":[{\"@type\":\"ListItem\",\"position\":1,\"name\":\"Home\",\"item\":\"https:\/\/rs.kerrock.si\/\"},{\"@type\":\"ListItem\",\"position\":2,\"name\":\"Upotreba\",\"item\":\"https:\/\/rs.kerrock.si\/upotreba\/\"},{\"@type\":\"ListItem\",\"position\":3,\"name\":\"Kuhinja\"}]},{\"@type\":\"WebSite\",\"@id\":\"https:\/\/rs.kerrock.si\/#website\",\"url\":\"https:\/\/rs.kerrock.si\/\",\"name\":\"Staging Kerock\",\"description\":\"Zamislite bilo \u0161ta. Mi ostvarujemo.\",\"publisher\":{\"@id\":\"https:\/\/rs.kerrock.si\/#organization\"},\"potentialAction\":[{\"@type\":\"SearchAction\",\"target\":{\"@type\":\"EntryPoint\",\"urlTemplate\":\"https:\/\/rs.kerrock.si\/?s={search_term_string}\"},\"query-input\":{\"@type\":\"PropertyValueSpecification\",\"valueRequired\":true,\"valueName\":\"search_term_string\"}}],\"inLanguage\":\"sr-RS\"},{\"@type\":\"Organization\",\"@id\":\"https:\/\/rs.kerrock.si\/#organization\",\"name\":\"Kerrock\",\"url\":\"https:\/\/rs.kerrock.si\/\",\"logo\":{\"@type\":\"ImageObject\",\"inLanguage\":\"sr-RS\",\"@id\":\"https:\/\/rs.kerrock.si\/#\/schema\/logo\/image\/\",\"url\":\"https:\/\/rs.kerrock.si\/staging\/wp-content\/uploads\/2021\/01\/facebook_share_image_1200x628_v2_20210106.jpg\",\"contentUrl\":\"https:\/\/rs.kerrock.si\/staging\/wp-content\/uploads\/2021\/01\/facebook_share_image_1200x628_v2_20210106.jpg\",\"width\":1200,\"height\":628,\"caption\":\"Kerrock\"},\"image\":{\"@id\":\"https:\/\/rs.kerrock.si\/#\/schema\/logo\/image\/\"}}]}<\/script>\n<!-- \/ Yoast SEO plugin. -->","yoast_head_json":{"title":"Kuhinja | Staging Kerock","description":"Zdravju prijazen in mehansko odporen, z veliko mero estetike. Povr\u0161ina, koja omejuje mehani\u010dke o\u0161tec\u0301enja i dugo odr\u017eava izgled novog. Kuhinja kerrock.","robots":{"index":"noindex","follow":"follow","max-snippet":"max-snippet:-1","max-image-preview":"max-image-preview:large","max-video-preview":"max-video-preview:-1"},"og_locale":"sr_RS","og_type":"article","og_title":"Kuhinja | Staging Kerock","og_description":"Zdravju prijazen in mehansko odporen, z veliko mero estetike. Povr\u0161ina, koja omejuje mehani\u010dke o\u0161tec\u0301enja i dugo odr\u017eava izgled novog. Kuhinja kerrock.","og_url":"https:\/\/rs.kerrock.si\/staging\/upotreba\/kuhinje\/","og_site_name":"Staging Kerock","article_modified_time":"2024-05-27T06:39:59+00:00","og_image":[{"width":1920,"height":600,"url":"https:\/\/kerrock.si\/staging\/wp-content\/uploads\/2020\/12\/kuhinje_header1.jpg","type":"image\/jpeg"}],"twitter_card":"summary_large_image","schema":{"@context":"https:\/\/schema.org","@graph":[{"@type":"WebPage","@id":"https:\/\/rs.kerrock.si\/staging\/upotreba\/kuhinje\/","url":"https:\/\/rs.kerrock.si\/staging\/upotreba\/kuhinje\/","name":"Kuhinja | Staging Kerock","isPartOf":{"@id":"https:\/\/rs.kerrock.si\/#website"},"primaryImageOfPage":{"@id":"https:\/\/rs.kerrock.si\/staging\/upotreba\/kuhinje\/#primaryimage"},"image":{"@id":"https:\/\/rs.kerrock.si\/staging\/upotreba\/kuhinje\/#primaryimage"},"thumbnailUrl":"https:\/\/rs.kerrock.si\/staging\/wp-content\/uploads\/2020\/12\/kuhinje_header1.jpg","datePublished":"2021-01-22T09:59:22+00:00","dateModified":"2024-05-27T06:39:59+00:00","description":"Zdravju prijazen in mehansko odporen, z veliko mero estetike. Povr\u0161ina, koja omejuje mehani\u010dke o\u0161tec\u0301enja i dugo odr\u017eava izgled novog. Kuhinja kerrock.","breadcrumb":{"@id":"https:\/\/rs.kerrock.si\/staging\/upotreba\/kuhinje\/#breadcrumb"},"inLanguage":"sr-RS","potentialAction":[{"@type":"ReadAction","target":["https:\/\/rs.kerrock.si\/staging\/upotreba\/kuhinje\/"]}]},{"@type":"ImageObject","inLanguage":"sr-RS","@id":"https:\/\/rs.kerrock.si\/staging\/upotreba\/kuhinje\/#primaryimage","url":"https:\/\/rs.kerrock.si\/staging\/wp-content\/uploads\/2020\/12\/kuhinje_header1.jpg","contentUrl":"https:\/\/rs.kerrock.si\/staging\/wp-content\/uploads\/2020\/12\/kuhinje_header1.jpg","width":1920,"height":600},{"@type":"BreadcrumbList","@id":"https:\/\/rs.kerrock.si\/staging\/upotreba\/kuhinje\/#breadcrumb","itemListElement":[{"@type":"ListItem","position":1,"name":"Home","item":"https:\/\/rs.kerrock.si\/"},{"@type":"ListItem","position":2,"name":"Upotreba","item":"https:\/\/rs.kerrock.si\/upotreba\/"},{"@type":"ListItem","position":3,"name":"Kuhinja"}]},{"@type":"WebSite","@id":"https:\/\/rs.kerrock.si\/#website","url":"https:\/\/rs.kerrock.si\/","name":"Staging Kerock","description":"Zamislite bilo \u0161ta. Mi ostvarujemo.","publisher":{"@id":"https:\/\/rs.kerrock.si\/#organization"},"potentialAction":[{"@type":"SearchAction","target":{"@type":"EntryPoint","urlTemplate":"https:\/\/rs.kerrock.si\/?s={search_term_string}"},"query-input":{"@type":"PropertyValueSpecification","valueRequired":true,"valueName":"search_term_string"}}],"inLanguage":"sr-RS"},{"@type":"Organization","@id":"https:\/\/rs.kerrock.si\/#organization","name":"Kerrock","url":"https:\/\/rs.kerrock.si\/","logo":{"@type":"ImageObject","inLanguage":"sr-RS","@id":"https:\/\/rs.kerrock.si\/#\/schema\/logo\/image\/","url":"https:\/\/rs.kerrock.si\/staging\/wp-content\/uploads\/2021\/01\/facebook_share_image_1200x628_v2_20210106.jpg","contentUrl":"https:\/\/rs.kerrock.si\/staging\/wp-content\/uploads\/2021\/01\/facebook_share_image_1200x628_v2_20210106.jpg","width":1200,"height":628,"caption":"Kerrock"},"image":{"@id":"https:\/\/rs.kerrock.si\/#\/schema\/logo\/image\/"}}]}},"_links":{"self":[{"href":"https:\/\/rs.kerrock.si\/staging\/wp-json\/wp\/v2\/pages\/8898","targetHints":{"allow":["GET"]}}],"collection":[{"href":"https:\/\/rs.kerrock.si\/staging\/wp-json\/wp\/v2\/pages"}],"about":[{"href":"https:\/\/rs.kerrock.si\/staging\/wp-json\/wp\/v2\/types\/page"}],"author":[{"embeddable":true,"href":"https:\/\/rs.kerrock.si\/staging\/wp-json\/wp\/v2\/users\/5"}],"replies":[{"embeddable":true,"href":"https:\/\/rs.kerrock.si\/staging\/wp-json\/wp\/v2\/comments?post=8898"}],"version-history":[{"count":2,"href":"https:\/\/rs.kerrock.si\/staging\/wp-json\/wp\/v2\/pages\/8898\/revisions"}],"predecessor-version":[{"id":90013,"href":"https:\/\/rs.kerrock.si\/staging\/wp-json\/wp\/v2\/pages\/8898\/revisions\/90013"}],"up":[{"embeddable":true,"href":"https:\/\/rs.kerrock.si\/staging\/wp-json\/wp\/v2\/pages\/8764"}],"wp:featuredmedia":[{"embeddable":true,"href":"https:\/\/rs.kerrock.si\/staging\/wp-json\/wp\/v2\/media\/8924"}],"wp:attachment":[{"href":"https:\/\/rs.kerrock.si\/staging\/wp-json\/wp\/v2\/media?parent=8898"}],"curies":[{"name":"wp","href":"https:\/\/api.w.org\/{rel}","templated":true}]}}